{"id":295,"date":"2023-05-26T11:48:28","date_gmt":"2023-05-26T10:48:28","guid":{"rendered":"https:\/\/patakarestaurant.com\/about\/"},"modified":"2023-10-11T15:12:13","modified_gmt":"2023-10-11T14:12:13","slug":"about","status":"publish","type":"page","link":"https:\/\/patakarestaurant.com\/sv\/about\/","title":{"rendered":"About"},"content":{"rendered":"","protected":false},"excerpt":{"rendered":"","protected":false},"author":1,"featured_media":0,"parent":0,"menu_order":0,"comment_status":"closed","ping_status":"closed","template":"about-page.php","meta":{"_acf_changed":false,"footnotes":""},"class_list":["post-295","page","type-page","status-publish","hentry"],"acf":{"our_story_widgets":[275,263],"our_story_title":"V\u00e5r ber\u00e4ttelse","our_story_description_left":"Pataka \u00e4r Sunil Raikar's dr\u00f6mprojekt, att f\u00e5 presentera riktig Indisk mat kultur f\u00f6r den svenska publiken i en v\u00e4lkomnande milj\u00f6. Payla Khanna har skapat milj\u00f6n och alla interi\u00f6rer \u00e4r handgjorda i Indien. Chef Milan Gupta fr\u00e5n Mumbai har skapat menyn, tr\u00e4nat upp sitt b\u00e4sta lag som nu kommit till Sverige.","our_story_description_right":"Sunils barndomsminnen fr\u00e5n uppv\u00e4xten i Coorg bland kaffeplantager, mormors ber\u00e4ttelser och mammas delikatesser. Hans minnen fr\u00e5n Bangalores gatumat och tid i  Mumbai har nu slutligen landat i Stockholm. Nu \u00e4r det dags f\u00f6r Stockholm att f\u00e5 ta del av detta fyrverkeri av smaker som kommer ge er, era v\u00e4nner och familjer era egna smakminnen och upplevelser.","our_story_images":[558,282],"our_story_floater":259,"what_is_pataka_title":"Vad betyder Pataka?","what_is_pataka_description":"Pataka betyder fyrverkeri. I Indien firas Diwali alltid med fyrverier och alla f\u00f6rs\u00f6ker \u00f6vertr\u00e4ffa varandra. Vi p\u00e5 Pataka vill att du ska f\u00e5 uppleva ett fyrkeri av smaker som du sent ska gl\u00f6mma.","what_is_pataka_image":280,"what_is_pataka_widget":263,"cuisine_title":"Pataka k\u00f6ket","cuisine_description":"Vi vill presentera det b\u00e4sta av det indiska k\u00f6ket. I v\u00e5r matlagning anv\u00e4nder vi noggrant utvalda ingredienser. Vi anv\u00e4nder ocks\u00e5 de tradtionella indiska k\u00f6ksverktygen och indiska matlagningsk\u00e4rl. Ni ska k\u00e4nna att ni \u00e4r i Indien och vi hoppas att att ni f\u00e5 uppleva de smaker och aromer som finns i v\u00e5rt traditionella k\u00f6k.","cuisine_floater":276,"chefs_title":"Chefs","chefs_intro":"V\u00e5ra tre kulinariska hj\u00e4ltar kommer fr\u00e5n de Indiska h\u00f6gl\u00e4nderna, Uttrakhand. Uttrakhand \u00e4r k\u00e4nt f\u00f6r sina modiga soldater och duktiga kockar. Och man kan se engagemang, uth\u00e5llighet och disciplin i deras karakt\u00e4r.","chefs":[{"chef_nickname":"The \u201cLittle big man\u201d","chef_title":"Chef Puran Singh","chef_description":"\u00e4r en tyst k\u00e4mpe som briljerar i varje r\u00e4tt och som leder sitt k\u00f6ksteam med ledorden att det inte finns genv\u00e4gar till god mat.","chef_image":560,"chef_auxiliary_image":278},{"chef_nickname":"The \u201cMarathoner\u201d","chef_title":"Chef Sunil Panwar","chef_description":"\u00e4r v\u00e5r tr\u00e4nade \u201dtandoorian\u201d och expert i indisk traditionell bakning och  att laga br\u00f6d och kebab. \r\nHans vitl\u00f6ks naan f\u00e5r ni inte missa.","chef_image":562,"chef_auxiliary_image":263},{"chef_nickname":"The \u201cX-factor\u201d","chef_title":"Joshi Harshman","chef_description":"\u00e4r full av energi och tillf\u00f6r kreativitet till laget. St\u00f6ttar Puran och Sunil Panwar och ser till att varje dag startar med perfekt mise-en place. Hans personliga favorit r\u00e4tt \u00e4r Dal Makhani.","chef_image":564,"chef_auxiliary_image":276}]},"_links":{"self":[{"href":"https:\/\/patakarestaurant.com\/sv\/wp-json\/wp\/v2\/pages\/295","targetHints":{"allow":["GET"]}}],"collection":[{"href":"https:\/\/patakarestaurant.com\/sv\/wp-json\/wp\/v2\/pages"}],"about":[{"href":"https:\/\/patakarestaurant.com\/sv\/wp-json\/wp\/v2\/types\/page"}],"author":[{"embeddable":true,"href":"https:\/\/patakarestaurant.com\/sv\/wp-json\/wp\/v2\/users\/1"}],"replies":[{"embeddable":true,"href":"https:\/\/patakarestaurant.com\/sv\/wp-json\/wp\/v2\/comments?post=295"}],"version-history":[{"count":0,"href":"https:\/\/patakarestaurant.com\/sv\/wp-json\/wp\/v2\/pages\/295\/revisions"}],"acf:attachment":[{"embeddable":true,"href":"https:\/\/patakarestaurant.com\/sv\/wp-json\/wp\/v2\/media\/282"},{"embeddable":true,"href":"https:\/\/patakarestaurant.com\/sv\/wp-json\/wp\/v2\/media\/558"},{"embeddable":true,"href":"https:\/\/patakarestaurant.com\/sv\/wp-json\/wp\/v2\/media\/263"},{"embeddable":true,"href":"https:\/\/patakarestaurant.com\/sv\/wp-json\/wp\/v2\/media\/275"}],"wp:attachment":[{"href":"https:\/\/patakarestaurant.com\/sv\/wp-json\/wp\/v2\/media?parent=295"}],"curies":[{"name":"wp","href":"https:\/\/api.w.org\/{rel}","templated":true}]}}